{"id":2,"date":"2026-02-09T15:00:47","date_gmt":"2026-02-09T15:00:47","guid":{"rendered":"https:\/\/baraizea.rkinformatika.online\/?page_id=2"},"modified":"2026-02-10T09:34:36","modified_gmt":"2026-02-10T09:34:36","slug":"inicio","status":"publish","type":"page","link":"https:\/\/baraizea.com\/eu\/","title":{"rendered":"Hasiera"},"content":{"rendered":"<div data-elementor-type=\"wp-page\" data-elementor-id=\"2\" class=\"elementor elementor-2\" data-elementor-post-type=\"page\">\n\t\t\t\t<div class=\"elementor-element elementor-element-9e9377d e-flex e-con-boxed e-con e-parent\" data-id=\"9e9377d\" data-element_type=\"container\" data-e-type=\"container\" data-settings=\"{&quot;background_background&quot;:&quot;classic&quot;}\">\n\t\t\t\t\t<div class=\"e-con-inner\">\n\t\t<div class=\"elementor-element elementor-element-1f53969 e-con-full e-flex e-con e-child\" data-id=\"1f53969\" data-element_type=\"container\" data-e-type=\"container\">\n\t\t\t\t<div class=\"elementor-element elementor-element-fe9ffef elementor-invisible elementor-widget elementor-widget-heading\" data-id=\"fe9ffef\" data-element_type=\"widget\" data-e-type=\"widget\" data-settings=\"{&quot;_animation&quot;:&quot;fadeInDown&quot;}\" data-widget_type=\"heading.default\">\n\t\t\t\t\t<h2 class=\"elementor-heading-title elementor-size-default\">Istorioak kontatzen dituzten pintxoak!<\/h2>\t\t\t\t<\/div>\n\t\t\t\t<\/div>\n\t\t\t\t\t<\/div>\n\t\t\t\t<\/div>\n\t\t<div class=\"elementor-element elementor-element-7135955 e-flex e-con-boxed elementor-invisible e-con e-parent\" data-id=\"7135955\" data-element_type=\"container\" data-e-type=\"container\" data-settings=\"{&quot;background_background&quot;:&quot;classic&quot;,&quot;animation&quot;:&quot;fadeInLeft&quot;}\">\n\t\t\t\t\t<div class=\"e-con-inner\">\n\t\t<div class=\"elementor-element elementor-element-615f3c1 e-con-full e-flex e-con e-child\" data-id=\"615f3c1\" data-element_type=\"container\" data-e-type=\"container\">\n\t\t\t\t<div class=\"elementor-element elementor-element-697890f elementor-widget__width-initial elementor-absolute elementor-widget elementor-widget-image\" data-id=\"697890f\" data-element_type=\"widget\" data-e-type=\"widget\" data-settings=\"{&quot;_position&quot;:&quot;absolute&quot;}\" data-widget_type=\"image.default\">\n\t\t\t\t\t\t\t\t\t\t\t\t\t\t\t<img fetchpriority=\"high\" decoding=\"async\" width=\"300\" height=\"300\" src=\"https:\/\/baraizea.com\/wp-content\/uploads\/2026\/02\/cropped-ico_web-300x300.png\" class=\"attachment-medium size-medium wp-image-29\" alt=\"\" srcset=\"https:\/\/baraizea.com\/wp-content\/uploads\/2026\/02\/cropped-ico_web-300x300.png 300w, https:\/\/baraizea.com\/wp-content\/uploads\/2026\/02\/cropped-ico_web-150x150.png 150w, https:\/\/baraizea.com\/wp-content\/uploads\/2026\/02\/cropped-ico_web-12x12.png 12w, https:\/\/baraizea.com\/wp-content\/uploads\/2026\/02\/cropped-ico_web-270x270.png 270w, https:\/\/baraizea.com\/wp-content\/uploads\/2026\/02\/cropped-ico_web-192x192.png 192w, https:\/\/baraizea.com\/wp-content\/uploads\/2026\/02\/cropped-ico_web-180x180.png 180w, https:\/\/baraizea.com\/wp-content\/uploads\/2026\/02\/cropped-ico_web-32x32.png 32w, https:\/\/baraizea.com\/wp-content\/uploads\/2026\/02\/cropped-ico_web.png 512w\" sizes=\"(max-width: 300px) 100vw, 300px\" \/>\t\t\t\t\t\t\t\t\t\t\t\t\t\t\t<\/div>\n\t\t\t\t<div class=\"elementor-element elementor-element-771b7a6 elementor-widget elementor-widget-heading\" data-id=\"771b7a6\" data-element_type=\"widget\" data-e-type=\"widget\" data-widget_type=\"heading.default\">\n\t\t\t\t\t<h2 class=\"elementor-heading-title elementor-size-default\">Guri Buruz<\/h2>\t\t\t\t<\/div>\n\t\t\t\t<div class=\"elementor-element elementor-element-ee5b7b6 elementor-widget elementor-widget-heading\" data-id=\"ee5b7b6\" data-element_type=\"widget\" data-e-type=\"widget\" data-widget_type=\"heading.default\">\n\t\t\t\t\t<h2 class=\"elementor-heading-title elementor-size-default\">Hemen egotera dator!<\/h2>\t\t\t\t<\/div>\n\t\t\t\t<div class=\"elementor-element elementor-element-03c3633 elementor-widget elementor-widget-text-editor\" data-id=\"03c3633\" data-element_type=\"widget\" data-e-type=\"widget\" data-widget_type=\"text-editor.default\">\n\t\t\t\t\t\t\t\t\t<p>Duela bi urte hasi ginen Igorri poza, zerbitzu ona eta produktu bikaina ematen. Ordutik, lan nekeza egin dugu tortilla freskoak, sandwich gozoak, askotariko pintxoak, gilda eramanezinak eta kalitate oneneko kafe konbinatuak eskaintzeko.<\/p>\n<p>Gure konpromisoa da gure bezero guztiei esperientzia paregabea eta gogobetegarria eskaintzea.<\/p>\t\t\t\t\t\t\t\t<\/div>\n\t\t\t\t<\/div>\n\t\t<div class=\"elementor-element elementor-element-c410945 e-con-full e-flex e-con e-child\" data-id=\"c410945\" data-element_type=\"container\" data-e-type=\"container\">\n\t\t\t\t<div class=\"elementor-element elementor-element-3107bde elementor-widget elementor-widget-image\" data-id=\"3107bde\" data-element_type=\"widget\" data-e-type=\"widget\" data-widget_type=\"image.default\">\n\t\t\t\t\t\t\t\t\t\t\t\t\t\t\t<img decoding=\"async\" width=\"800\" height=\"602\" src=\"https:\/\/baraizea.com\/wp-content\/uploads\/2026\/02\/WhatsApp-Image-2026-01-08-at-12.56.21-1024x771.jpeg\" class=\"elementor-animation-shrink attachment-large size-large wp-image-200\" alt=\"\" srcset=\"https:\/\/baraizea.com\/wp-content\/uploads\/2026\/02\/WhatsApp-Image-2026-01-08-at-12.56.21-1024x771.jpeg 1024w, https:\/\/baraizea.com\/wp-content\/uploads\/2026\/02\/WhatsApp-Image-2026-01-08-at-12.56.21-300x226.jpeg 300w, https:\/\/baraizea.com\/wp-content\/uploads\/2026\/02\/WhatsApp-Image-2026-01-08-at-12.56.21-768x578.jpeg 768w, https:\/\/baraizea.com\/wp-content\/uploads\/2026\/02\/WhatsApp-Image-2026-01-08-at-12.56.21-1536x1157.jpeg 1536w, https:\/\/baraizea.com\/wp-content\/uploads\/2026\/02\/WhatsApp-Image-2026-01-08-at-12.56.21-16x12.jpeg 16w, https:\/\/baraizea.com\/wp-content\/uploads\/2026\/02\/WhatsApp-Image-2026-01-08-at-12.56.21.jpeg 2040w\" sizes=\"(max-width: 800px) 100vw, 800px\" \/>\t\t\t\t\t\t\t\t\t\t\t\t\t\t\t<\/div>\n\t\t\t\t<\/div>\n\t\t\t\t\t<\/div>\n\t\t\t\t<\/div>\n\t\t<div class=\"elementor-element elementor-element-3ae5012 e-flex e-con-boxed e-con e-parent\" data-id=\"3ae5012\" data-element_type=\"container\" data-e-type=\"container\" data-settings=\"{&quot;background_background&quot;:&quot;classic&quot;}\">\n\t\t\t\t\t<div class=\"e-con-inner\">\n\t\t\t\t<div class=\"elementor-element elementor-element-fd3a9cc elementor-invisible elementor-widget elementor-widget-heading\" data-id=\"fd3a9cc\" data-element_type=\"widget\" data-e-type=\"widget\" data-settings=\"{&quot;_animation&quot;:&quot;fadeInRight&quot;}\" data-widget_type=\"heading.default\">\n\t\t\t\t\t<h2 class=\"elementor-heading-title elementor-size-default\">Topa egiteko, barre egiteko eta errepikatzeko topagunea!<\/h2>\t\t\t\t<\/div>\n\t\t\t\t<div class=\"elementor-element elementor-element-d302042 elementor-tablet-align-center elementor-invisible elementor-widget elementor-widget-button\" data-id=\"d302042\" data-element_type=\"widget\" data-e-type=\"widget\" data-settings=\"{&quot;_animation&quot;:&quot;fadeInLeft&quot;}\" data-widget_type=\"button.default\">\n\t\t\t\t\t\t\t\t\t\t<a class=\"elementor-button elementor-button-link elementor-size-sm elementor-animation-pop\" href=\"\/eu\/servicios\/\">\n\t\t\t\t\t\t<span class=\"elementor-button-content-wrapper\">\n\t\t\t\t\t\t\t\t\t<span class=\"elementor-button-text\">Zerbitzuak<\/span>\n\t\t\t\t\t<\/span>\n\t\t\t\t\t<\/a>\n\t\t\t\t\t\t\t\t<\/div>\n\t\t\t\t\t<\/div>\n\t\t\t\t<\/div>\n\t\t<div class=\"elementor-element elementor-element-64562a8 e-flex e-con-boxed elementor-invisible e-con e-parent\" data-id=\"64562a8\" data-element_type=\"container\" data-e-type=\"container\" data-settings=\"{&quot;background_background&quot;:&quot;classic&quot;,&quot;animation&quot;:&quot;fadeInLeft&quot;}\">\n\t\t\t\t\t<div class=\"e-con-inner\">\n\t\t<div class=\"elementor-element elementor-element-01b39fb e-con-full e-flex e-con e-child\" data-id=\"01b39fb\" data-element_type=\"container\" data-e-type=\"container\">\n\t\t\t\t<div class=\"elementor-element elementor-element-596e927 elementor-widget__width-initial elementor-absolute elementor-widget elementor-widget-image\" data-id=\"596e927\" data-element_type=\"widget\" data-e-type=\"widget\" data-settings=\"{&quot;_position&quot;:&quot;absolute&quot;}\" data-widget_type=\"image.default\">\n\t\t\t\t\t\t\t\t\t\t\t\t\t\t\t<img fetchpriority=\"high\" decoding=\"async\" width=\"300\" height=\"300\" src=\"https:\/\/baraizea.com\/wp-content\/uploads\/2026\/02\/cropped-ico_web-300x300.png\" class=\"attachment-medium size-medium wp-image-29\" alt=\"\" srcset=\"https:\/\/baraizea.com\/wp-content\/uploads\/2026\/02\/cropped-ico_web-300x300.png 300w, https:\/\/baraizea.com\/wp-content\/uploads\/2026\/02\/cropped-ico_web-150x150.png 150w, https:\/\/baraizea.com\/wp-content\/uploads\/2026\/02\/cropped-ico_web-12x12.png 12w, https:\/\/baraizea.com\/wp-content\/uploads\/2026\/02\/cropped-ico_web-270x270.png 270w, https:\/\/baraizea.com\/wp-content\/uploads\/2026\/02\/cropped-ico_web-192x192.png 192w, https:\/\/baraizea.com\/wp-content\/uploads\/2026\/02\/cropped-ico_web-180x180.png 180w, https:\/\/baraizea.com\/wp-content\/uploads\/2026\/02\/cropped-ico_web-32x32.png 32w, https:\/\/baraizea.com\/wp-content\/uploads\/2026\/02\/cropped-ico_web.png 512w\" sizes=\"(max-width: 300px) 100vw, 300px\" \/>\t\t\t\t\t\t\t\t\t\t\t\t\t\t\t<\/div>\n\t\t\t\t<div class=\"elementor-element elementor-element-12ecda9 elementor-widget elementor-widget-heading\" data-id=\"12ecda9\" data-element_type=\"widget\" data-e-type=\"widget\" data-widget_type=\"heading.default\">\n\t\t\t\t\t<h2 class=\"elementor-heading-title elementor-size-default\">Gure janaria<\/h2>\t\t\t\t<\/div>\n\t\t\t\t<div class=\"elementor-element elementor-element-208452d elementor-widget elementor-widget-heading\" data-id=\"208452d\" data-element_type=\"widget\" data-e-type=\"widget\" data-widget_type=\"heading.default\">\n\t\t\t\t\t<h2 class=\"elementor-heading-title elementor-size-default\">Hona ez zatoz edatera bakarrik: gustura egotera zatoz!<\/h2>\t\t\t\t<\/div>\n\t\t\t\t<\/div>\n\t\t\t\t\t<\/div>\n\t\t\t\t<\/div>\n\t\t<div class=\"elementor-element elementor-element-8b2b512 e-flex e-con-boxed e-con e-parent\" data-id=\"8b2b512\" data-element_type=\"container\" data-e-type=\"container\">\n\t\t\t\t\t<div class=\"e-con-inner\">\n\t\t<div class=\"elementor-element elementor-element-6669054 e-con-full e-flex e-con e-child\" data-id=\"6669054\" data-element_type=\"container\" data-e-type=\"container\">\n\t\t\t\t<div class=\"elementor-element elementor-element-8a6e0ec elementor-cta--skin-classic elementor-animated-content elementor-bg-transform elementor-bg-transform-zoom-in elementor-widget elementor-widget-call-to-action\" data-id=\"8a6e0ec\" data-element_type=\"widget\" data-e-type=\"widget\" data-widget_type=\"call-to-action.default\">\n\t\t\t\t\t\t\t<div class=\"elementor-cta\">\n\t\t\t\t\t<div class=\"elementor-cta__bg-wrapper\">\n\t\t\t\t<div class=\"elementor-cta__bg elementor-bg\" style=\"background-image: url(https:\/\/baraizea.com\/wp-content\/uploads\/2026\/02\/2150168161.jpg);\" role=\"img\" aria-label=\"2150168161\"><\/div>\n\t\t\t\t<div class=\"elementor-cta__bg-overlay\"><\/div>\n\t\t\t<\/div>\n\t\t\t\t\t\t\t<div class=\"elementor-cta__content\">\n\t\t\t\t\n\t\t\t\t\t\t\t\t\t<h2 class=\"elementor-cta__title elementor-cta__content-item elementor-content-item\">\n\t\t\t\t\t\tTortillak\t\t\t\t\t<\/h2>\n\t\t\t\t\n\t\t\t\t\n\t\t\t\t\t\t\t<\/div>\n\t\t\t\t\t\t<\/div>\n\t\t\t\t\t\t<\/div>\n\t\t\t\t<\/div>\n\t\t<div class=\"elementor-element elementor-element-26bdfc4 e-con-full e-flex e-con e-child\" data-id=\"26bdfc4\" data-element_type=\"container\" data-e-type=\"container\">\n\t\t\t\t<div class=\"elementor-element elementor-element-e84a468 elementor-cta--skin-classic elementor-animated-content elementor-bg-transform elementor-bg-transform-zoom-in elementor-widget elementor-widget-call-to-action\" data-id=\"e84a468\" data-element_type=\"widget\" data-e-type=\"widget\" data-widget_type=\"call-to-action.default\">\n\t\t\t\t\t\t\t<div class=\"elementor-cta\">\n\t\t\t\t\t<div class=\"elementor-cta__bg-wrapper\">\n\t\t\t\t<div class=\"elementor-cta__bg elementor-bg\" style=\"background-image: url(https:\/\/baraizea.com\/wp-content\/uploads\/2026\/02\/559621.jpg);\" role=\"img\" aria-label=\"559621\"><\/div>\n\t\t\t\t<div class=\"elementor-cta__bg-overlay\"><\/div>\n\t\t\t<\/div>\n\t\t\t\t\t\t\t<div class=\"elementor-cta__content\">\n\t\t\t\t\n\t\t\t\t\t\t\t\t\t<h2 class=\"elementor-cta__title elementor-cta__content-item elementor-content-item\">\n\t\t\t\t\t\tSandwichak\t\t\t\t\t<\/h2>\n\t\t\t\t\n\t\t\t\t\n\t\t\t\t\t\t\t<\/div>\n\t\t\t\t\t\t\t<div class=\"elementor-ribbon\">\n\t\t\t\t<div class=\"elementor-ribbon-inner\">\n\t\t\t\t\tAPROVECHE\t\t\t\t<\/div>\n\t\t\t<\/div>\n\t\t\t\t<\/div>\n\t\t\t\t\t\t<\/div>\n\t\t\t\t<\/div>\n\t\t<div class=\"elementor-element elementor-element-85065d7 e-con-full e-flex e-con e-child\" data-id=\"85065d7\" data-element_type=\"container\" data-e-type=\"container\">\n\t\t\t\t<div class=\"elementor-element elementor-element-f167534 elementor-cta--skin-classic elementor-animated-content elementor-bg-transform elementor-bg-transform-zoom-in elementor-widget elementor-widget-call-to-action\" data-id=\"f167534\" data-element_type=\"widget\" data-e-type=\"widget\" data-widget_type=\"call-to-action.default\">\n\t\t\t\t\t\t\t<div class=\"elementor-cta\">\n\t\t\t\t\t<div class=\"elementor-cta__bg-wrapper\">\n\t\t\t\t<div class=\"elementor-cta__bg elementor-bg\" style=\"background-image: url(https:\/\/baraizea.com\/wp-content\/uploads\/2026\/02\/18539.jpg);\" role=\"img\" aria-label=\"18539\"><\/div>\n\t\t\t\t<div class=\"elementor-cta__bg-overlay\"><\/div>\n\t\t\t<\/div>\n\t\t\t\t\t\t\t<div class=\"elementor-cta__content\">\n\t\t\t\t\n\t\t\t\t\t\t\t\t\t<h2 class=\"elementor-cta__title elementor-cta__content-item elementor-content-item\">\n\t\t\t\t\t\tPINTXOAK\t\t\t\t\t<\/h2>\n\t\t\t\t\n\t\t\t\t\n\t\t\t\t\t\t\t<\/div>\n\t\t\t\t\t\t<\/div>\n\t\t\t\t\t\t<\/div>\n\t\t\t\t<\/div>\n\t\t<div class=\"elementor-element elementor-element-ef54a65 e-con-full e-flex e-con e-child\" data-id=\"ef54a65\" data-element_type=\"container\" data-e-type=\"container\">\n\t\t\t\t<div class=\"elementor-element elementor-element-1a6b798 elementor-cta--skin-classic elementor-animated-content elementor-bg-transform elementor-bg-transform-zoom-in elementor-widget elementor-widget-call-to-action\" data-id=\"1a6b798\" data-element_type=\"widget\" data-e-type=\"widget\" data-widget_type=\"call-to-action.default\">\n\t\t\t\t\t\t\t<div class=\"elementor-cta\">\n\t\t\t\t\t<div class=\"elementor-cta__bg-wrapper\">\n\t\t\t\t<div class=\"elementor-cta__bg elementor-bg\" style=\"background-image: url(https:\/\/baraizea.com\/wp-content\/uploads\/2026\/02\/1172.jpg);\" role=\"img\" aria-label=\"1172\"><\/div>\n\t\t\t\t<div class=\"elementor-cta__bg-overlay\"><\/div>\n\t\t\t<\/div>\n\t\t\t\t\t\t\t<div class=\"elementor-cta__content\">\n\t\t\t\t\n\t\t\t\t\t\t\t\t\t<h2 class=\"elementor-cta__title elementor-cta__content-item elementor-content-item\">\n\t\t\t\t\t\tGILDAK\t\t\t\t\t<\/h2>\n\t\t\t\t\n\t\t\t\t\n\t\t\t\t\t\t\t<\/div>\n\t\t\t\t\t\t<\/div>\n\t\t\t\t\t\t<\/div>\n\t\t\t\t<\/div>\n\t\t<div class=\"elementor-element elementor-element-189163a e-con-full e-flex e-con e-child\" data-id=\"189163a\" data-element_type=\"container\" data-e-type=\"container\">\n\t\t\t\t<div class=\"elementor-element elementor-element-81902a9 elementor-cta--skin-classic elementor-animated-content elementor-bg-transform elementor-bg-transform-zoom-in elementor-widget elementor-widget-call-to-action\" data-id=\"81902a9\" data-element_type=\"widget\" data-e-type=\"widget\" data-widget_type=\"call-to-action.default\">\n\t\t\t\t\t\t\t<div class=\"elementor-cta\">\n\t\t\t\t\t<div class=\"elementor-cta__bg-wrapper\">\n\t\t\t\t<div class=\"elementor-cta__bg elementor-bg\" style=\"background-image: url(https:\/\/baraizea.com\/wp-content\/uploads\/2026\/02\/9.jpg);\" role=\"img\" aria-label=\"9\"><\/div>\n\t\t\t\t<div class=\"elementor-cta__bg-overlay\"><\/div>\n\t\t\t<\/div>\n\t\t\t\t\t\t\t<div class=\"elementor-cta__content\">\n\t\t\t\t\n\t\t\t\t\t\t\t\t\t<h2 class=\"elementor-cta__title elementor-cta__content-item elementor-content-item\">\n\t\t\t\t\t\tKAFEA\t\t\t\t\t<\/h2>\n\t\t\t\t\n\t\t\t\t\n\t\t\t\t\t\t\t<\/div>\n\t\t\t\t\t\t<\/div>\n\t\t\t\t\t\t<\/div>\n\t\t\t\t<div class=\"elementor-element elementor-element-3542775 elementor-widget elementor-widget-heading\" data-id=\"3542775\" data-element_type=\"widget\" data-e-type=\"widget\" data-widget_type=\"heading.default\">\n\t\t\t\t\t<h2 class=\"elementor-heading-title elementor-size-default\">Viernes y s\u00e1bado (19:30 a 24:00)<br> Pizzas, nachos y bocatas nocturnos<\/h2>\t\t\t\t<\/div>\n\t\t\t\t<\/div>\n\t\t<div class=\"elementor-element elementor-element-43b5cea e-con-full e-flex e-con e-child\" data-id=\"43b5cea\" data-element_type=\"container\" data-e-type=\"container\">\n\t\t\t\t<div class=\"elementor-element elementor-element-d27a6ed elementor-cta--skin-classic elementor-animated-content elementor-bg-transform elementor-bg-transform-zoom-in elementor-widget elementor-widget-call-to-action\" data-id=\"d27a6ed\" data-element_type=\"widget\" data-e-type=\"widget\" data-widget_type=\"call-to-action.default\">\n\t\t\t\t\t\t\t<div class=\"elementor-cta\">\n\t\t\t\t\t<div class=\"elementor-cta__bg-wrapper\">\n\t\t\t\t<div class=\"elementor-cta__bg elementor-bg\" style=\"background-image: url(https:\/\/baraizea.com\/wp-content\/uploads\/2026\/02\/37863.jpg);\" role=\"img\" aria-label=\"37863\"><\/div>\n\t\t\t\t<div class=\"elementor-cta__bg-overlay\"><\/div>\n\t\t\t<\/div>\n\t\t\t\t\t\t\t<div class=\"elementor-cta__content\">\n\t\t\t\t\n\t\t\t\t\t\t\t\t\t<h2 class=\"elementor-cta__title elementor-cta__content-item elementor-content-item\">\n\t\t\t\t\t\tKONBINATUA\t\t\t\t\t<\/h2>\n\t\t\t\t\n\t\t\t\t\n\t\t\t\t\t\t\t<\/div>\n\t\t\t\t\t\t<\/div>\n\t\t\t\t\t\t<\/div>\n\t\t\t\t<div class=\"elementor-element elementor-element-4fbc23b elementor-widget elementor-widget-heading\" data-id=\"4fbc23b\" data-element_type=\"widget\" data-e-type=\"widget\" data-widget_type=\"heading.default\">\n\t\t\t\t\t<h2 class=\"elementor-heading-title elementor-size-default\">Viernes y s\u00e1bado (19:30 a 24:00)<br> Pizzas, nachos y bocatas nocturnos<\/h2>\t\t\t\t<\/div>\n\t\t\t\t<\/div>\n\t\t\t\t\t<\/div>\n\t\t\t\t<\/div>\n\t\t\t\t<\/div>","protected":false},"excerpt":{"rendered":"<p>\u00a1Pintxos que cuentan historias! Sobre Nosotros \u00a1Aqu\u00ed se viene a estar! Empezamos hace dos a\u00f1os a dar alegr\u00eda, buen servicio y un excelente producto a Igorre. Desde entonces, hemos trabajado arduamente para ofrecer tortillas frescas, deliciosos sandwiches, pintxos variados, gildas irresistibles y caf\u00e9 combinados de la mejor calidad. Nuestro compromiso es brindar una experiencia \u00fanica [&hellip;]<\/p>\n","protected":false},"author":1,"featured_media":0,"parent":0,"menu_order":0,"comment_status":"closed","ping_status":"closed","template":"elementor_canvas","meta":{"footnotes":""},"class_list":["post-2","page","type-page","status-publish","hentry"],"yoast_head":"<!-- This site is optimized with the Yoast SEO plugin v27.4 - https:\/\/yoast.com\/product\/yoast-seo-wordpress\/ -->\n<title>Inicio - Aizea Taberna<\/title>\n<meta name=\"robots\" content=\"index, follow, max-snippet:-1, max-image-preview:large, max-video-preview:-1\" \/>\n<link rel=\"canonical\" href=\"https:\/\/baraizea.com\/eu\/\" \/>\n<meta property=\"og:locale\" content=\"en_US\" \/>\n<meta property=\"og:type\" content=\"article\" \/>\n<meta property=\"og:title\" content=\"Inicio - Aizea Taberna\" \/>\n<meta property=\"og:description\" content=\"\u00a1Pintxos que cuentan historias! Sobre Nosotros \u00a1Aqu\u00ed se viene a estar! Empezamos hace dos a\u00f1os a dar alegr\u00eda, buen servicio y un excelente producto a Igorre. Desde entonces, hemos trabajado arduamente para ofrecer tortillas frescas, deliciosos sandwiches, pintxos variados, gildas irresistibles y caf\u00e9 combinados de la mejor calidad. Nuestro compromiso es brindar una experiencia \u00fanica [&hellip;]\" \/>\n<meta property=\"og:url\" content=\"https:\/\/baraizea.com\/eu\/\" \/>\n<meta property=\"og:site_name\" content=\"Aizea Taberna\" \/>\n<meta property=\"article:modified_time\" content=\"2026-02-10T09:34:36+00:00\" \/>\n<meta property=\"og:image\" content=\"https:\/\/baraizea.com\/wp-content\/uploads\/2026\/02\/cropped-ico_web-300x300.png\" \/>\n<meta name=\"twitter:card\" content=\"summary_large_image\" \/>\n<meta name=\"twitter:label1\" content=\"Est. reading time\" \/>\n\t<meta name=\"twitter:data1\" content=\"1 minutua\" \/>\n<script type=\"application\/ld+json\" class=\"yoast-schema-graph\">{\"@context\":\"https:\\\/\\\/schema.org\",\"@graph\":[{\"@type\":\"WebPage\",\"@id\":\"https:\\\/\\\/baraizea.com\\\/\",\"url\":\"https:\\\/\\\/baraizea.com\\\/\",\"name\":\"Inicio - Aizea Taberna\",\"isPartOf\":{\"@id\":\"https:\\\/\\\/baraizea.com\\\/#website\"},\"primaryImageOfPage\":{\"@id\":\"https:\\\/\\\/baraizea.com\\\/#primaryimage\"},\"image\":{\"@id\":\"https:\\\/\\\/baraizea.com\\\/#primaryimage\"},\"thumbnailUrl\":\"https:\\\/\\\/baraizea.com\\\/wp-content\\\/uploads\\\/2026\\\/02\\\/cropped-ico_web-300x300.png\",\"datePublished\":\"2026-02-09T15:00:47+00:00\",\"dateModified\":\"2026-02-10T09:34:36+00:00\",\"breadcrumb\":{\"@id\":\"https:\\\/\\\/baraizea.com\\\/#breadcrumb\"},\"inLanguage\":\"eu\",\"potentialAction\":[{\"@type\":\"ReadAction\",\"target\":[\"https:\\\/\\\/baraizea.com\\\/\"]}]},{\"@type\":\"ImageObject\",\"inLanguage\":\"eu\",\"@id\":\"https:\\\/\\\/baraizea.com\\\/#primaryimage\",\"url\":\"https:\\\/\\\/baraizea.com\\\/wp-content\\\/uploads\\\/2026\\\/02\\\/cropped-ico_web-300x300.png\",\"contentUrl\":\"https:\\\/\\\/baraizea.com\\\/wp-content\\\/uploads\\\/2026\\\/02\\\/cropped-ico_web-300x300.png\"},{\"@type\":\"BreadcrumbList\",\"@id\":\"https:\\\/\\\/baraizea.com\\\/#breadcrumb\",\"itemListElement\":[{\"@type\":\"ListItem\",\"position\":1,\"name\":\"Portada\",\"item\":\"https:\\\/\\\/baraizea.com\\\/\"},{\"@type\":\"ListItem\",\"position\":2,\"name\":\"Inicio\"}]},{\"@type\":\"WebSite\",\"@id\":\"https:\\\/\\\/baraizea.com\\\/#website\",\"url\":\"https:\\\/\\\/baraizea.com\\\/\",\"name\":\"Aizea Taberna\",\"description\":\"Aizea Taberna\",\"publisher\":{\"@id\":\"https:\\\/\\\/baraizea.com\\\/#organization\"},\"potentialAction\":[{\"@type\":\"SearchAction\",\"target\":{\"@type\":\"EntryPoint\",\"urlTemplate\":\"https:\\\/\\\/baraizea.com\\\/?s={search_term_string}\"},\"query-input\":{\"@type\":\"PropertyValueSpecification\",\"valueRequired\":true,\"valueName\":\"search_term_string\"}}],\"inLanguage\":\"eu\"},{\"@type\":\"Organization\",\"@id\":\"https:\\\/\\\/baraizea.com\\\/#organization\",\"name\":\"Aizea Taberna\",\"url\":\"https:\\\/\\\/baraizea.com\\\/\",\"logo\":{\"@type\":\"ImageObject\",\"inLanguage\":\"eu\",\"@id\":\"https:\\\/\\\/baraizea.com\\\/#\\\/schema\\\/logo\\\/image\\\/\",\"url\":\"https:\\\/\\\/baraizea.com\\\/wp-content\\\/uploads\\\/2026\\\/02\\\/logo_web.png\",\"contentUrl\":\"https:\\\/\\\/baraizea.com\\\/wp-content\\\/uploads\\\/2026\\\/02\\\/logo_web.png\",\"width\":2250,\"height\":2250,\"caption\":\"Aizea Taberna\"},\"image\":{\"@id\":\"https:\\\/\\\/baraizea.com\\\/#\\\/schema\\\/logo\\\/image\\\/\"}}]}<\/script>\n<!-- \/ Yoast SEO plugin. -->","yoast_head_json":{"title":"Inicio - Aizea Taberna","robots":{"index":"index","follow":"follow","max-snippet":"max-snippet:-1","max-image-preview":"max-image-preview:large","max-video-preview":"max-video-preview:-1"},"canonical":"https:\/\/baraizea.com\/eu\/","og_locale":"en_US","og_type":"article","og_title":"Inicio - Aizea Taberna","og_description":"\u00a1Pintxos que cuentan historias! Sobre Nosotros \u00a1Aqu\u00ed se viene a estar! Empezamos hace dos a\u00f1os a dar alegr\u00eda, buen servicio y un excelente producto a Igorre. Desde entonces, hemos trabajado arduamente para ofrecer tortillas frescas, deliciosos sandwiches, pintxos variados, gildas irresistibles y caf\u00e9 combinados de la mejor calidad. Nuestro compromiso es brindar una experiencia \u00fanica [&hellip;]","og_url":"https:\/\/baraizea.com\/eu\/","og_site_name":"Aizea Taberna","article_modified_time":"2026-02-10T09:34:36+00:00","og_image":[{"url":"https:\/\/baraizea.com\/wp-content\/uploads\/2026\/02\/cropped-ico_web-300x300.png","type":"","width":"","height":""}],"twitter_card":"summary_large_image","twitter_misc":{"Est. reading time":"1 minutua"},"schema":{"@context":"https:\/\/schema.org","@graph":[{"@type":"WebPage","@id":"https:\/\/baraizea.com\/","url":"https:\/\/baraizea.com\/","name":"Inicio - Aizea Taberna","isPartOf":{"@id":"https:\/\/baraizea.com\/#website"},"primaryImageOfPage":{"@id":"https:\/\/baraizea.com\/#primaryimage"},"image":{"@id":"https:\/\/baraizea.com\/#primaryimage"},"thumbnailUrl":"https:\/\/baraizea.com\/wp-content\/uploads\/2026\/02\/cropped-ico_web-300x300.png","datePublished":"2026-02-09T15:00:47+00:00","dateModified":"2026-02-10T09:34:36+00:00","breadcrumb":{"@id":"https:\/\/baraizea.com\/#breadcrumb"},"inLanguage":"eu","potentialAction":[{"@type":"ReadAction","target":["https:\/\/baraizea.com\/"]}]},{"@type":"ImageObject","inLanguage":"eu","@id":"https:\/\/baraizea.com\/#primaryimage","url":"https:\/\/baraizea.com\/wp-content\/uploads\/2026\/02\/cropped-ico_web-300x300.png","contentUrl":"https:\/\/baraizea.com\/wp-content\/uploads\/2026\/02\/cropped-ico_web-300x300.png"},{"@type":"BreadcrumbList","@id":"https:\/\/baraizea.com\/#breadcrumb","itemListElement":[{"@type":"ListItem","position":1,"name":"Portada","item":"https:\/\/baraizea.com\/"},{"@type":"ListItem","position":2,"name":"Inicio"}]},{"@type":"WebSite","@id":"https:\/\/baraizea.com\/#website","url":"https:\/\/baraizea.com\/","name":"Aizea Taberna","description":"Aizea Taberna","publisher":{"@id":"https:\/\/baraizea.com\/#organization"},"potentialAction":[{"@type":"SearchAction","target":{"@type":"EntryPoint","urlTemplate":"https:\/\/baraizea.com\/?s={search_term_string}"},"query-input":{"@type":"PropertyValueSpecification","valueRequired":true,"valueName":"search_term_string"}}],"inLanguage":"eu"},{"@type":"Organization","@id":"https:\/\/baraizea.com\/#organization","name":"Aizea Taberna","url":"https:\/\/baraizea.com\/","logo":{"@type":"ImageObject","inLanguage":"eu","@id":"https:\/\/baraizea.com\/#\/schema\/logo\/image\/","url":"https:\/\/baraizea.com\/wp-content\/uploads\/2026\/02\/logo_web.png","contentUrl":"https:\/\/baraizea.com\/wp-content\/uploads\/2026\/02\/logo_web.png","width":2250,"height":2250,"caption":"Aizea Taberna"},"image":{"@id":"https:\/\/baraizea.com\/#\/schema\/logo\/image\/"}}]}},"_links":{"self":[{"href":"https:\/\/baraizea.com\/eu\/wp-json\/wp\/v2\/pages\/2","targetHints":{"allow":["GET"]}}],"collection":[{"href":"https:\/\/baraizea.com\/eu\/wp-json\/wp\/v2\/pages"}],"about":[{"href":"https:\/\/baraizea.com\/eu\/wp-json\/wp\/v2\/types\/page"}],"author":[{"embeddable":true,"href":"https:\/\/baraizea.com\/eu\/wp-json\/wp\/v2\/users\/1"}],"replies":[{"embeddable":true,"href":"https:\/\/baraizea.com\/eu\/wp-json\/wp\/v2\/comments?post=2"}],"version-history":[{"count":97,"href":"https:\/\/baraizea.com\/eu\/wp-json\/wp\/v2\/pages\/2\/revisions"}],"predecessor-version":[{"id":326,"href":"https:\/\/baraizea.com\/eu\/wp-json\/wp\/v2\/pages\/2\/revisions\/326"}],"wp:attachment":[{"href":"https:\/\/baraizea.com\/eu\/wp-json\/wp\/v2\/media?parent=2"}],"curies":[{"name":"wp","href":"https:\/\/api.w.org\/{rel}","templated":true}]}}